{"id":29593,"date":"2024-03-20T11:07:17","date_gmt":"2024-03-20T10:07:17","guid":{"rendered":"https:\/\/less-is-more-2024.lim-staging.ch\/?page_id=29593"},"modified":"2024-05-09T17:29:08","modified_gmt":"2024-05-09T15:29:08","slug":"profile","status":"publish","type":"page","link":"https:\/\/less-is-more-2024.lim-staging.ch\/fr\/profile\/","title":{"rendered":"Profil"},"content":{"rendered":"<div data-elementor-type=\"wp-page\" data-elementor-id=\"29593\" class=\"elementor elementor-29593\" data-elementor-post-type=\"page\">\n\t\t\t\t<div class=\"elementor-element elementor-element-8024f99 e-flex e-con-boxed e-con e-parent\" data-id=\"8024f99\" data-element_type=\"container\">\n\t\t\t\t\t<div class=\"e-con-inner\">\n\t\t<div class=\"elementor-element elementor-element-744a4f3 e-flex e-con-boxed e-con e-child\" data-id=\"744a4f3\" data-element_type=\"container\">\n\t\t\t\t\t<div class=\"e-con-inner\">\n\t\t\t\t<div class=\"elementor-element elementor-element-c8ca6fa elementor-widget elementor-widget-heading\" data-id=\"c8ca6fa\" data-element_type=\"widget\" data-widget_type=\"heading.default\">\n\t\t\t\t<div class=\"elementor-widget-container\">\n\t\t\t<style>\/*! elementor - v3.21.0 - 08-05-2024 *\/\n.elementor-heading-title{padding:0;margin:0;line-height:1}.elementor-widget-heading .elementor-heading-title[class*=elementor-size-]>a{color:inherit;font-size:inherit;line-height:inherit}.elementor-widget-heading .elementor-heading-title.elementor-size-small{font-size:15px}.elementor-widget-heading .elementor-heading-title.elementor-size-medium{font-size:19px}.elementor-widget-heading .elementor-heading-title.elementor-size-large{font-size:29px}.elementor-widget-heading .elementor-heading-title.elementor-size-xl{font-size:39px}.elementor-widget-heading .elementor-heading-title.elementor-size-xxl{font-size:59px}<\/style><h3 class=\"elementor-heading-title elementor-size-default\">Patrick Graf - Qui je suis<\/h3>\t\t<\/div>\n\t\t\t\t<\/div>\n\t\t<div class=\"elementor-element elementor-element-4f3567e e-flex e-con-boxed e-con e-child\" data-id=\"4f3567e\" data-element_type=\"container\">\n\t\t\t\t\t<div class=\"e-con-inner\">\n\t\t\t\t<div class=\"elementor-element elementor-element-d39b007 elementor-widget elementor-widget-image\" data-id=\"d39b007\" data-element_type=\"widget\" data-widget_type=\"image.default\">\n\t\t\t\t<div class=\"elementor-widget-container\">\n\t\t\t<style>\/*! elementor - v3.21.0 - 08-05-2024 *\/\n.elementor-widget-image{text-align:center}.elementor-widget-image a{display:inline-block}.elementor-widget-image a img[src$=\".svg\"]{width:48px}.elementor-widget-image img{vertical-align:middle;display:inline-block}<\/style>\t\t\t\t\t\t\t\t\t\t<img fetchpriority=\"high\" decoding=\"async\" width=\"1360\" height=\"374\" src=\"https:\/\/less-is-more-2024.lim-staging.ch\/wp-content\/uploads\/2024\/03\/tomwaits-quote.jpg\" class=\"attachment-full size-full wp-image-29595\" alt=\"Patrick Graf, a pragmatic partner for your digital products\" srcset=\"https:\/\/less-is-more-2024.lim-staging.ch\/wp-content\/uploads\/2024\/03\/tomwaits-quote.jpg 1360w, https:\/\/less-is-more-2024.lim-staging.ch\/wp-content\/uploads\/2024\/03\/tomwaits-quote-300x83.jpg 300w, https:\/\/less-is-more-2024.lim-staging.ch\/wp-content\/uploads\/2024\/03\/tomwaits-quote-1024x282.jpg 1024w, https:\/\/less-is-more-2024.lim-staging.ch\/wp-content\/uploads\/2024\/03\/tomwaits-quote-768x211.jpg 768w\" sizes=\"(max-width: 1360px) 100vw, 1360px\" \/>\t\t\t\t\t\t\t\t\t\t\t\t\t<\/div>\n\t\t\t\t<\/div>\n\t\t\t\t<div class=\"elementor-element elementor-element-5a77b3b elementor-widget elementor-widget-heading\" data-id=\"5a77b3b\" data-element_type=\"widget\" data-widget_type=\"heading.default\">\n\t\t\t\t<div class=\"elementor-widget-container\">\n\t\t\t<h2 class=\"elementor-heading-title elementor-size-default\">La conception de produits est une affaire de th\u00e9orie (beaucoup) et de pratique (vraiment beaucoup).<\/h2>\t\t<\/div>\n\t\t\t\t<\/div>\n\t\t\t\t<div class=\"elementor-element elementor-element-a7bdb36 elementor-widget elementor-widget-text-editor\" data-id=\"a7bdb36\" data-element_type=\"widget\" data-widget_type=\"text-editor.default\">\n\t\t\t\t<div class=\"elementor-widget-container\">\n\t\t\t<style>\/*! elementor - v3.21.0 - 08-05-2024 *\/\n.elementor-widget-text-editor.elementor-drop-cap-view-stacked .elementor-drop-cap{background-color:#69727d;color:#fff}.elementor-widget-text-editor.elementor-drop-cap-view-framed .elementor-drop-cap{color:#69727d;border:3px solid;background-color:transparent}.elementor-widget-text-editor:not(.elementor-drop-cap-view-default) .elementor-drop-cap{margin-top:8px}.elementor-widget-text-editor:not(.elementor-drop-cap-view-default) .elementor-drop-cap-letter{width:1em;height:1em}.elementor-widget-text-editor .elementor-drop-cap{float:left;text-align:center;line-height:1;font-size:50px}.elementor-widget-text-editor .elementor-drop-cap-letter{display:inline-block}<\/style>\t\t\t\t<p><b>Je con\u00e7ois vos projets digitaux avec une vision globale qui va au-del\u00e0 du design de produits, gr\u00e2ce \u00e0 de nombreuses exp\u00e9riences dans des domaines connexes:<\/b><\/p>\t\t\t\t\t\t<\/div>\n\t\t\t\t<\/div>\n\t\t\t\t<div class=\"elementor-element elementor-element-655d912 elementor-widget elementor-widget-text-editor\" data-id=\"655d912\" data-element_type=\"widget\" data-widget_type=\"text-editor.default\">\n\t\t\t\t<div class=\"elementor-widget-container\">\n\t\t\t\t\t\t\t<ul><li>communication globale,<\/li><li>identit\u00e9 de marque,<\/li><li>recherche UX,<\/li><li>Design UI,<\/li><li>strat\u00e9gie et gouvernance de contenus,<\/li><li>faisabilit\u00e9 technique.<\/li><\/ul>\t\t\t\t\t\t<\/div>\n\t\t\t\t<\/div>\n\t\t\t\t<div class=\"elementor-element elementor-element-e5deb0f elementor-widget elementor-widget-text-editor\" data-id=\"e5deb0f\" data-element_type=\"widget\" data-widget_type=\"text-editor.default\">\n\t\t\t\t<div class=\"elementor-widget-container\">\n\t\t\t\t\t\t\t<b>Je suis \u00e9galement un chef de projet qui peut vous aider \u00e0 atteindre vos objectifs de mani\u00e8re efficace. M\u00e9thodologique et organis\u00e9, je d\u00e9veloppe des plateformes de gestion de projet sur mesure pour vous garantir un acc\u00e8s facile \u00e0 la documentation et aux livrables.<\/b>\t\t\t\t\t\t<\/div>\n\t\t\t\t<\/div>\n\t\t\t\t<div class=\"elementor-element elementor-element-b962c14 elementor-widget elementor-widget-text-editor\" data-id=\"b962c14\" data-element_type=\"widget\" data-widget_type=\"text-editor.default\">\n\t\t\t\t<div class=\"elementor-widget-container\">\n\t\t\t\t\t\t\t<b>Ind\u00e9pendante \u00e0 100%, je peux m'engager dans vos projets rapidement et pour la dur\u00e9e n\u00e9cessaire.<\/b>\t\t\t\t\t\t<\/div>\n\t\t\t\t<\/div>\n\t\t\t\t<div class=\"elementor-element elementor-element-3aee18b elementor-widget elementor-widget-text-editor\" data-id=\"3aee18b\" data-element_type=\"widget\" data-widget_type=\"text-editor.default\">\n\t\t\t\t<div class=\"elementor-widget-container\">\n\t\t\t\t\t\t\t<b>Je peux constituer une \u00e9quipe d'hyper-sp\u00e9cialistes pour r\u00e9pondre \u00e0 chacun de vos d\u00e9fis gr\u00e2ce \u00e0 mon r\u00e9seau avec des cr\u00e9ateurs de contenu, d'\u00e9quipes de d\u00e9veloppement, d'experts en visibilit\u00e9 et de sp\u00e9cialistes en marketing.<\/b>\t\t\t\t\t\t<\/div>\n\t\t\t\t<\/div>\n\t\t\t\t<div class=\"elementor-element elementor-element-6ae50ea elementor-widget elementor-widget-text-editor\" data-id=\"6ae50ea\" data-element_type=\"widget\" data-widget_type=\"text-editor.default\">\n\t\t\t\t<div class=\"elementor-widget-container\">\n\t\t\t\t\t\t\t<p><b>Je serai toujours en mesure de vous surprendre avec des id\u00e9es inattendues et innovantes car, comme tout freelance qui se respecte, je sais g\u00e9rer ma formation continue dans diff\u00e9rents domaines tels que :<\/b><\/p>\t\t\t\t\t\t<\/div>\n\t\t\t\t<\/div>\n\t\t\t\t<div class=\"elementor-element elementor-element-079f83e elementor-widget elementor-widget-text-editor\" data-id=\"079f83e\" data-element_type=\"widget\" data-widget_type=\"text-editor.default\">\n\t\t\t\t<div class=\"elementor-widget-container\">\n\t\t\t\t\t\t\t<ul><li>les innovations en mati\u00e8re de m\u00e9thodologie de conception UX,<\/li><li>facilitation et co-design,<\/li><li>design syst\u00e9mique et optimisation des processus de design,<\/li><li>l'intelligence g\u00e9n\u00e9rative pour la cr\u00e9ation de contenu,<\/li><li>tendances en mati\u00e8re de design d'interfaces utilisateurs.<\/li><\/ul>\t\t\t\t\t\t<\/div>\n\t\t\t\t<\/div>\n\t\t\t\t\t<\/div>\n\t\t\t\t<\/div>\n\t\t\t\t\t<\/div>\n\t\t\t\t<\/div>\n\t\t\t\t\t<\/div>\n\t\t\t\t<\/div>\n\t\t\t\t<\/div>","protected":false},"excerpt":{"rendered":"<p>Patrick Graf &#8211; Who I am Product design is about theory (quite a lot) and real-life practice (a lot more). I design your digital projects with a global vision that goes beyond product design, thanks to a number of experiences in related fields: global communication, corporate design, UX research, UI design, content strategy and content [&hellip;]<\/p>","protected":false},"author":1,"featured_media":0,"parent":0,"menu_order":0,"comment_status":"closed","ping_status":"closed","template":"","meta":{"footnotes":""},"class_list":["post-29593","page","type-page","status-publish","hentry"],"_links":{"self":[{"href":"https:\/\/less-is-more-2024.lim-staging.ch\/fr\/wp-json\/wp\/v2\/pages\/29593","targetHints":{"allow":["GET"]}}],"collection":[{"href":"https:\/\/less-is-more-2024.lim-staging.ch\/fr\/wp-json\/wp\/v2\/pages"}],"about":[{"href":"https:\/\/less-is-more-2024.lim-staging.ch\/fr\/wp-json\/wp\/v2\/types\/page"}],"author":[{"embeddable":true,"href":"https:\/\/less-is-more-2024.lim-staging.ch\/fr\/wp-json\/wp\/v2\/users\/1"}],"replies":[{"embeddable":true,"href":"https:\/\/less-is-more-2024.lim-staging.ch\/fr\/wp-json\/wp\/v2\/comments?post=29593"}],"version-history":[{"count":25,"href":"https:\/\/less-is-more-2024.lim-staging.ch\/fr\/wp-json\/wp\/v2\/pages\/29593\/revisions"}],"predecessor-version":[{"id":29663,"href":"https:\/\/less-is-more-2024.lim-staging.ch\/fr\/wp-json\/wp\/v2\/pages\/29593\/revisions\/29663"}],"wp:attachment":[{"href":"https:\/\/less-is-more-2024.lim-staging.ch\/fr\/wp-json\/wp\/v2\/media?parent=29593"}],"curies":[{"name":"wp","href":"https:\/\/api.w.org\/{rel}","templated":true}]}}