{"id":28854,"date":"2024-02-17T17:43:19","date_gmt":"2024-02-17T16:43:19","guid":{"rendered":"https:\/\/less-is-more-2024.lim-staging.ch\/?page_id=28854"},"modified":"2024-04-29T19:13:49","modified_gmt":"2024-04-29T17:13:49","slug":"home","status":"publish","type":"page","link":"https:\/\/less-is-more-2024.lim-staging.ch\/fr\/","title":{"rendered":"Accueil"},"content":{"rendered":"<div data-elementor-type=\"wp-page\" data-elementor-id=\"28854\" class=\"elementor elementor-28854\" data-elementor-post-type=\"page\">\n\t\t\t\t<div class=\"elementor-element elementor-element-335574f e-flex e-con-boxed e-con e-parent\" data-id=\"335574f\" data-element_type=\"container\">\n\t\t\t\t\t<div class=\"e-con-inner\">\n\t\t\t\t<div class=\"elementor-element elementor-element-17ba5a7 elementor-widget elementor-widget-heading\" data-id=\"17ba5a7\" data-element_type=\"widget\" data-widget_type=\"heading.default\">\n\t\t\t\t<div class=\"elementor-widget-container\">\n\t\t\t<style>\/*! elementor - v3.21.0 - 08-05-2024 *\/\n.elementor-heading-title{padding:0;margin:0;line-height:1}.elementor-widget-heading .elementor-heading-title[class*=elementor-size-]>a{color:inherit;font-size:inherit;line-height:inherit}.elementor-widget-heading .elementor-heading-title.elementor-size-small{font-size:15px}.elementor-widget-heading .elementor-heading-title.elementor-size-medium{font-size:19px}.elementor-widget-heading .elementor-heading-title.elementor-size-large{font-size:29px}.elementor-widget-heading .elementor-heading-title.elementor-size-xl{font-size:39px}.elementor-widget-heading .elementor-heading-title.elementor-size-xxl{font-size:59px}<\/style><h3 class=\"elementor-heading-title elementor-size-default\">Patrick Graf - Product designer, designer UX, chef de projet digital<\/h3>\t\t<\/div>\n\t\t\t\t<\/div>\n\t\t\t\t\t<\/div>\n\t\t\t\t<\/div>\n\t\t<div class=\"elementor-element elementor-element-27c1e45 e-flex e-con-boxed e-con e-parent\" data-id=\"27c1e45\" data-element_type=\"container\">\n\t\t\t\t\t<div class=\"e-con-inner\">\n\t\t\t\t<div class=\"elementor-element elementor-element-2725696 elementor-widget elementor-widget-heading\" data-id=\"2725696\" data-element_type=\"widget\" data-widget_type=\"heading.default\">\n\t\t\t\t<div class=\"elementor-widget-container\">\n\t\t\t<h1 class=\"elementor-heading-title elementor-size-default\">Je suis un designer UX qui sait poser les bonnes questions.<\/h1>\t\t<\/div>\n\t\t\t\t<\/div>\n\t\t\t\t<div class=\"elementor-element elementor-element-a0904a1 elementor-widget elementor-widget-text-editor\" data-id=\"a0904a1\" data-element_type=\"widget\" data-widget_type=\"text-editor.default\">\n\t\t\t\t<div class=\"elementor-widget-container\">\n\t\t\t<style>\/*! elementor - v3.21.0 - 08-05-2024 *\/\n.elementor-widget-text-editor.elementor-drop-cap-view-stacked .elementor-drop-cap{background-color:#69727d;color:#fff}.elementor-widget-text-editor.elementor-drop-cap-view-framed .elementor-drop-cap{color:#69727d;border:3px solid;background-color:transparent}.elementor-widget-text-editor:not(.elementor-drop-cap-view-default) .elementor-drop-cap{margin-top:8px}.elementor-widget-text-editor:not(.elementor-drop-cap-view-default) .elementor-drop-cap-letter{width:1em;height:1em}.elementor-widget-text-editor .elementor-drop-cap{float:left;text-align:center;line-height:1;font-size:50px}.elementor-widget-text-editor .elementor-drop-cap-letter{display:inline-block}<\/style>\t\t\t\t<h3>C'est ainsi que je peux identifier vos besoins r\u00e9els et optimiser rapidement votre efficacit\u00e9 digitale.<!-- notionvc: a4185f4e-d910-4300-8b93-58579e526d7f --><\/h3>\t\t\t\t\t\t<\/div>\n\t\t\t\t<\/div>\n\t\t\t\t<div class=\"elementor-element elementor-element-974950d elementor-widget elementor-widget-image\" data-id=\"974950d\" data-element_type=\"widget\" data-widget_type=\"image.default\">\n\t\t\t\t<div class=\"elementor-widget-container\">\n\t\t\t<style>\/*! elementor - v3.21.0 - 08-05-2024 *\/\n.elementor-widget-image{text-align:center}.elementor-widget-image a{display:inline-block}.elementor-widget-image a img[src$=\".svg\"]{width:48px}.elementor-widget-image img{vertical-align:middle;display:inline-block}<\/style>\t\t\t\t\t\t\t\t\t\t<img fetchpriority=\"high\" decoding=\"async\" width=\"800\" height=\"230\" src=\"https:\/\/less-is-more-2024.lim-staging.ch\/wp-content\/uploads\/2024\/05\/visuel-digital-efficiency-fr.png\" class=\"attachment-large size-large wp-image-28941\" alt=\"less is more, product design for your digital efficiency\" srcset=\"https:\/\/less-is-more-2024.lim-staging.ch\/wp-content\/uploads\/2024\/05\/visuel-digital-efficiency-fr.png 1838w, https:\/\/less-is-more-2024.lim-staging.ch\/wp-content\/uploads\/2024\/05\/visuel-digital-efficiency-fr-300x86.png 300w, https:\/\/less-is-more-2024.lim-staging.ch\/wp-content\/uploads\/2024\/05\/visuel-digital-efficiency-fr-1024x294.png 1024w, https:\/\/less-is-more-2024.lim-staging.ch\/wp-content\/uploads\/2024\/05\/visuel-digital-efficiency-fr-768x221.png 768w, https:\/\/less-is-more-2024.lim-staging.ch\/wp-content\/uploads\/2024\/05\/visuel-digital-efficiency-fr-1536x441.png 1536w, https:\/\/less-is-more-2024.lim-staging.ch\/wp-content\/uploads\/2024\/05\/visuel-digital-efficiency-fr-18x5.png 18w\" sizes=\"(max-width: 800px) 100vw, 800px\" \/>\t\t\t\t\t\t\t\t\t\t\t\t\t<\/div>\n\t\t\t\t<\/div>\n\t\t\t\t<div class=\"elementor-element elementor-element-f8ad2bd elementor-widget elementor-widget-heading\" data-id=\"f8ad2bd\" data-element_type=\"widget\" data-widget_type=\"heading.default\">\n\t\t\t\t<div class=\"elementor-widget-container\">\n\t\t\t<h3 class=\"elementor-heading-title elementor-size-default\">Ce que je fais<\/h3>\t\t<\/div>\n\t\t\t\t<\/div>\n\t\t\t\t<div class=\"elementor-element elementor-element-f052a5c elementor-widget elementor-widget-heading\" data-id=\"f052a5c\" data-element_type=\"widget\" data-widget_type=\"heading.default\">\n\t\t\t\t<div class=\"elementor-widget-container\">\n\t\t\t<h2 class=\"elementor-heading-title elementor-size-default\">Je vous aide \u00e0 cr\u00e9er des produits digitaux efficaces et je facilite notre collaboration durant leur conception.<\/h2>\t\t<\/div>\n\t\t\t\t<\/div>\n\t\t\t\t<div class=\"elementor-element elementor-element-11c57db elementor-widget elementor-widget-image\" data-id=\"11c57db\" data-element_type=\"widget\" data-settings=\"{&quot;motion_fx_motion_fx_scrolling&quot;:&quot;yes&quot;,&quot;motion_fx_translateX_effect&quot;:&quot;yes&quot;,&quot;motion_fx_translateX_direction&quot;:&quot;negative&quot;,&quot;motion_fx_translateX_speed&quot;:{&quot;unit&quot;:&quot;px&quot;,&quot;size&quot;:4,&quot;sizes&quot;:[]},&quot;motion_fx_translateX_affectedRange&quot;:{&quot;unit&quot;:&quot;%&quot;,&quot;size&quot;:&quot;&quot;,&quot;sizes&quot;:{&quot;start&quot;:0,&quot;end&quot;:100}},&quot;motion_fx_devices&quot;:[&quot;desktop&quot;,&quot;tablet&quot;,&quot;mobile&quot;]}\" data-widget_type=\"image.default\">\n\t\t\t\t<div class=\"elementor-widget-container\">\n\t\t\t\t\t\t\t\t\t\t\t\t\t<img decoding=\"async\" width=\"800\" height=\"105\" src=\"https:\/\/less-is-more-2024.lim-staging.ch\/wp-content\/uploads\/2024\/05\/Visuel-pragmatic-ux-process-fr.jpg\" class=\"attachment-large size-large wp-image-28998\" alt=\"less is more, a pragmatic UX design process to deliver efficient digital products\" srcset=\"https:\/\/less-is-more-2024.lim-staging.ch\/wp-content\/uploads\/2024\/05\/Visuel-pragmatic-ux-process-fr.jpg 1848w, https:\/\/less-is-more-2024.lim-staging.ch\/wp-content\/uploads\/2024\/05\/Visuel-pragmatic-ux-process-fr-300x40.jpg 300w, https:\/\/less-is-more-2024.lim-staging.ch\/wp-content\/uploads\/2024\/05\/Visuel-pragmatic-ux-process-fr-1024x135.jpg 1024w, https:\/\/less-is-more-2024.lim-staging.ch\/wp-content\/uploads\/2024\/05\/Visuel-pragmatic-ux-process-fr-768x101.jpg 768w, https:\/\/less-is-more-2024.lim-staging.ch\/wp-content\/uploads\/2024\/05\/Visuel-pragmatic-ux-process-fr-1536x203.jpg 1536w, https:\/\/less-is-more-2024.lim-staging.ch\/wp-content\/uploads\/2024\/05\/Visuel-pragmatic-ux-process-fr-18x2.jpg 18w\" sizes=\"(max-width: 800px) 100vw, 800px\" \/>\t\t\t\t\t\t\t\t\t\t\t\t\t<\/div>\n\t\t\t\t<\/div>\n\t\t\t\t<div class=\"elementor-element elementor-element-8f9f1f8 elementor-widget elementor-widget-text-editor\" data-id=\"8f9f1f8\" data-element_type=\"widget\" data-widget_type=\"text-editor.default\">\n\t\t\t\t<div class=\"elementor-widget-container\">\n\t\t\t\t\t\t\t<h3><em><strong>Less is more<\/strong><\/em> consiste \u00e0 appliquer un processus de conception qui va imm\u00e9diatement \u00e0 l'essentiel.<!-- notionvc: a36acd7e-a2e5-43b9-9ac1-a12918fd9bbb --><br \/><!-- notionvc: a4185f4e-d910-4300-8b93-58579e526d7f --><\/h3>\t\t\t\t\t\t<\/div>\n\t\t\t\t<\/div>\n\t\t\t\t<div class=\"elementor-element elementor-element-ede01ef elementor-widget elementor-widget-button\" data-id=\"ede01ef\" data-element_type=\"widget\" data-widget_type=\"button.default\">\n\t\t\t\t<div class=\"elementor-widget-container\">\n\t\t\t\t\t<div class=\"elementor-button-wrapper\">\n\t\t\t<a class=\"elementor-button elementor-button-link elementor-size-xs\" href=\"https:\/\/less-is-more-2024.lim-staging.ch\/fr\/the-pragmatic-ux-process\/\">\n\t\t\t\t\t\t<span class=\"elementor-button-content-wrapper\">\n\t\t\t\t\t\t\t\t\t<span class=\"elementor-button-text\">Plus sur le processus de conception UX pragmatique<\/span>\n\t\t\t\t\t<\/span>\n\t\t\t\t\t<\/a>\n\t\t<\/div>\n\t\t\t\t<\/div>\n\t\t\t\t<\/div>\n\t\t\t\t<div class=\"elementor-element elementor-element-787f4ea elementor-widget elementor-widget-heading\" data-id=\"787f4ea\" data-element_type=\"widget\" data-widget_type=\"heading.default\">\n\t\t\t\t<div class=\"elementor-widget-container\">\n\t\t\t<h2 class=\"elementor-heading-title elementor-size-default\">Je vous aide \u00e0 donner de la coh\u00e9rence visuelle et fonctionnelle \u00e0 votre \u00e9cosyst\u00e8me digital et \u00e0 acc\u00e9l\u00e9rer vos processus de conception.<\/h2>\t\t<\/div>\n\t\t\t\t<\/div>\n\t\t\t\t<div class=\"elementor-element elementor-element-3fb7ac8 elementor-widget elementor-widget-image\" data-id=\"3fb7ac8\" data-element_type=\"widget\" data-settings=\"{&quot;motion_fx_motion_fx_scrolling&quot;:&quot;yes&quot;,&quot;motion_fx_translateX_effect&quot;:&quot;yes&quot;,&quot;motion_fx_translateX_direction&quot;:&quot;negative&quot;,&quot;motion_fx_translateX_speed&quot;:{&quot;unit&quot;:&quot;px&quot;,&quot;size&quot;:4,&quot;sizes&quot;:[]},&quot;motion_fx_translateX_affectedRange&quot;:{&quot;unit&quot;:&quot;%&quot;,&quot;size&quot;:&quot;&quot;,&quot;sizes&quot;:{&quot;start&quot;:0,&quot;end&quot;:100}},&quot;motion_fx_devices&quot;:[&quot;desktop&quot;,&quot;tablet&quot;,&quot;mobile&quot;]}\" data-widget_type=\"image.default\">\n\t\t\t\t<div class=\"elementor-widget-container\">\n\t\t\t\t\t\t\t\t\t\t\t\t\t<img decoding=\"async\" width=\"800\" height=\"105\" src=\"https:\/\/less-is-more-2024.lim-staging.ch\/wp-content\/uploads\/2024\/05\/Visuel-tagible-design-systems-fr.jpg\" class=\"attachment-large size-large wp-image-28997\" alt=\"less is more, tangible design systems to facilitate your design decisions\" srcset=\"https:\/\/less-is-more-2024.lim-staging.ch\/wp-content\/uploads\/2024\/05\/Visuel-tagible-design-systems-fr.jpg 1848w, https:\/\/less-is-more-2024.lim-staging.ch\/wp-content\/uploads\/2024\/05\/Visuel-tagible-design-systems-fr-300x40.jpg 300w, https:\/\/less-is-more-2024.lim-staging.ch\/wp-content\/uploads\/2024\/05\/Visuel-tagible-design-systems-fr-1024x135.jpg 1024w, https:\/\/less-is-more-2024.lim-staging.ch\/wp-content\/uploads\/2024\/05\/Visuel-tagible-design-systems-fr-768x101.jpg 768w, https:\/\/less-is-more-2024.lim-staging.ch\/wp-content\/uploads\/2024\/05\/Visuel-tagible-design-systems-fr-1536x203.jpg 1536w, https:\/\/less-is-more-2024.lim-staging.ch\/wp-content\/uploads\/2024\/05\/Visuel-tagible-design-systems-fr-18x2.jpg 18w\" sizes=\"(max-width: 800px) 100vw, 800px\" \/>\t\t\t\t\t\t\t\t\t\t\t\t\t<\/div>\n\t\t\t\t<\/div>\n\t\t\t\t<div class=\"elementor-element elementor-element-b8bc990 elementor-widget elementor-widget-text-editor\" data-id=\"b8bc990\" data-element_type=\"widget\" data-widget_type=\"text-editor.default\">\n\t\t\t\t<div class=\"elementor-widget-container\">\n\t\t\t\t\t\t\t<h3><em><strong>Less is more<\/strong><\/em> consiste \u00e0 cr\u00e9er des Design System tangibles qui acc\u00e9l\u00e8rent le d\u00e9ploiement de nouveaux contenus.<!-- notionvc: 0d5ce5d1-65e7-4e29-9379-d295c57bc7e9 --><br \/><!-- notionvc: a4185f4e-d910-4300-8b93-58579e526d7f --><\/h3>\t\t\t\t\t\t<\/div>\n\t\t\t\t<\/div>\n\t\t\t\t<div class=\"elementor-element elementor-element-4ac7b45 elementor-widget elementor-widget-button\" data-id=\"4ac7b45\" data-element_type=\"widget\" data-widget_type=\"button.default\">\n\t\t\t\t<div class=\"elementor-widget-container\">\n\t\t\t\t\t<div class=\"elementor-button-wrapper\">\n\t\t\t<a class=\"elementor-button elementor-button-link elementor-size-xs\" href=\"https:\/\/less-is-more-2024.lim-staging.ch\/fr\/tangible-design-systems\/\">\n\t\t\t\t\t\t<span class=\"elementor-button-content-wrapper\">\n\t\t\t\t\t\t\t\t\t<span class=\"elementor-button-text\">Plus sur les Design Systems tangibles<\/span>\n\t\t\t\t\t<\/span>\n\t\t\t\t\t<\/a>\n\t\t<\/div>\n\t\t\t\t<\/div>\n\t\t\t\t<\/div>\n\t\t\t\t<div class=\"elementor-element elementor-element-cf5b707 elementor-widget elementor-widget-heading\" data-id=\"cf5b707\" data-element_type=\"widget\" data-widget_type=\"heading.default\">\n\t\t\t\t<div class=\"elementor-widget-container\">\n\t\t\t<h2 class=\"elementor-heading-title elementor-size-default\">Je vous aide \u00e0 augmenter votre visibilit\u00e9 et votre taux de conversion en utilisant une m\u00e9thodologie innovante d\u00e9velopp\u00e9e par des sp\u00e9cialistes chevronn\u00e9s.<\/h2>\t\t<\/div>\n\t\t\t\t<\/div>\n\t\t\t\t<div class=\"elementor-element elementor-element-5420f73 elementor-widget elementor-widget-image\" data-id=\"5420f73\" data-element_type=\"widget\" data-settings=\"{&quot;motion_fx_motion_fx_scrolling&quot;:&quot;yes&quot;,&quot;motion_fx_translateX_effect&quot;:&quot;yes&quot;,&quot;motion_fx_translateX_direction&quot;:&quot;negative&quot;,&quot;motion_fx_translateX_speed&quot;:{&quot;unit&quot;:&quot;px&quot;,&quot;size&quot;:4,&quot;sizes&quot;:[]},&quot;motion_fx_translateX_affectedRange&quot;:{&quot;unit&quot;:&quot;%&quot;,&quot;size&quot;:&quot;&quot;,&quot;sizes&quot;:{&quot;start&quot;:0,&quot;end&quot;:100}},&quot;motion_fx_devices&quot;:[&quot;desktop&quot;,&quot;tablet&quot;,&quot;mobile&quot;]}\" data-widget_type=\"image.default\">\n\t\t\t\t<div class=\"elementor-widget-container\">\n\t\t\t\t\t\t\t\t\t\t\t\t\t<img loading=\"lazy\" decoding=\"async\" width=\"800\" height=\"105\" src=\"https:\/\/less-is-more-2024.lim-staging.ch\/wp-content\/uploads\/2024\/05\/Visuel-digital-efficiency-fr.jpg\" class=\"attachment-large size-large wp-image-29000\" alt=\"less is more, digital efficiency to match your business goals with the needs of your audiences\" srcset=\"https:\/\/less-is-more-2024.lim-staging.ch\/wp-content\/uploads\/2024\/05\/Visuel-digital-efficiency-fr.jpg 1848w, https:\/\/less-is-more-2024.lim-staging.ch\/wp-content\/uploads\/2024\/05\/Visuel-digital-efficiency-fr-300x40.jpg 300w, https:\/\/less-is-more-2024.lim-staging.ch\/wp-content\/uploads\/2024\/05\/Visuel-digital-efficiency-fr-1024x135.jpg 1024w, https:\/\/less-is-more-2024.lim-staging.ch\/wp-content\/uploads\/2024\/05\/Visuel-digital-efficiency-fr-768x101.jpg 768w, https:\/\/less-is-more-2024.lim-staging.ch\/wp-content\/uploads\/2024\/05\/Visuel-digital-efficiency-fr-1536x203.jpg 1536w, https:\/\/less-is-more-2024.lim-staging.ch\/wp-content\/uploads\/2024\/05\/Visuel-digital-efficiency-fr-18x2.jpg 18w\" sizes=\"(max-width: 800px) 100vw, 800px\" \/>\t\t\t\t\t\t\t\t\t\t\t\t\t<\/div>\n\t\t\t\t<\/div>\n\t\t\t\t<div class=\"elementor-element elementor-element-e679981 elementor-widget elementor-widget-text-editor\" data-id=\"e679981\" data-element_type=\"widget\" data-widget_type=\"text-editor.default\">\n\t\t\t\t<div class=\"elementor-widget-container\">\n\t\t\t\t\t\t\t<h3><em><strong>Less is more<\/strong><\/em> consiste \u00e0 proposer les bons contenus aux bonnes audiences, au bon moment.<!-- notionvc: ce91ed6f-f8c5-4059-95c3-6c64408e8832 --><br \/><!-- notionvc: a4185f4e-d910-4300-8b93-58579e526d7f --><\/h3>\t\t\t\t\t\t<\/div>\n\t\t\t\t<\/div>\n\t\t\t\t<div class=\"elementor-element elementor-element-f561e42 elementor-mobile-align-left elementor-widget elementor-widget-button\" data-id=\"f561e42\" data-element_type=\"widget\" data-widget_type=\"button.default\">\n\t\t\t\t<div class=\"elementor-widget-container\">\n\t\t\t\t\t<div class=\"elementor-button-wrapper\">\n\t\t\t<a class=\"elementor-button elementor-button-link elementor-size-xs\" href=\"https:\/\/less-is-more-2024.lim-staging.ch\/fr\/your-digital-efficiency\/\">\n\t\t\t\t\t\t<span class=\"elementor-button-content-wrapper\">\n\t\t\t\t\t\t\t\t\t<span class=\"elementor-button-text\">Plus sur l'efficience digitale<\/span>\n\t\t\t\t\t<\/span>\n\t\t\t\t\t<\/a>\n\t\t<\/div>\n\t\t\t\t<\/div>\n\t\t\t\t<\/div>\n\t\t\t\t\t<\/div>\n\t\t\t\t<\/div>\n\t\t\t\t<\/div>","protected":false},"excerpt":{"rendered":"<p>Patrick Graf &#8211; Product designer, UX designer, project manager I&#8217;m a product designer drilled to ask the right questions That&#8217;s how I can identify your real needs and rapidly optimise your digital efficiency. What I do I&#8217;ll help you design effective digital products and make it easier for us to work together on their design. [&hellip;]<\/p>","protected":false},"author":1,"featured_media":0,"parent":0,"menu_order":0,"comment_status":"closed","ping_status":"closed","template":"elementor_header_footer","meta":{"footnotes":""},"class_list":["post-28854","page","type-page","status-publish","hentry"],"_links":{"self":[{"href":"https:\/\/less-is-more-2024.lim-staging.ch\/fr\/wp-json\/wp\/v2\/pages\/28854","targetHints":{"allow":["GET"]}}],"collection":[{"href":"https:\/\/less-is-more-2024.lim-staging.ch\/fr\/wp-json\/wp\/v2\/pages"}],"about":[{"href":"https:\/\/less-is-more-2024.lim-staging.ch\/fr\/wp-json\/wp\/v2\/types\/page"}],"author":[{"embeddable":true,"href":"https:\/\/less-is-more-2024.lim-staging.ch\/fr\/wp-json\/wp\/v2\/users\/1"}],"replies":[{"embeddable":true,"href":"https:\/\/less-is-more-2024.lim-staging.ch\/fr\/wp-json\/wp\/v2\/comments?post=28854"}],"version-history":[{"count":112,"href":"https:\/\/less-is-more-2024.lim-staging.ch\/fr\/wp-json\/wp\/v2\/pages\/28854\/revisions"}],"predecessor-version":[{"id":29634,"href":"https:\/\/less-is-more-2024.lim-staging.ch\/fr\/wp-json\/wp\/v2\/pages\/28854\/revisions\/29634"}],"wp:attachment":[{"href":"https:\/\/less-is-more-2024.lim-staging.ch\/fr\/wp-json\/wp\/v2\/media?parent=28854"}],"curies":[{"name":"wp","href":"https:\/\/api.w.org\/{rel}","templated":true}]}}